{"id":85,"date":"2025-09-15T17:08:45","date_gmt":"2025-09-15T17:08:45","guid":{"rendered":"https:\/\/www.pyreneesazur.com\/?page_id=85"},"modified":"2025-11-06T19:17:42","modified_gmt":"2025-11-06T19:17:42","slug":"t1-t1-bis","status":"publish","type":"page","link":"https:\/\/www.pyreneesazur.com\/?page_id=85","title":{"rendered":"T1\/T1 bis"},"content":{"rendered":"\t\t<div data-elementor-type=\"wp-page\" data-elementor-id=\"85\" class=\"elementor elementor-85\">\n\t\t\t\t<div class=\"elementor-element elementor-element-868c7b4 e-flex e-con-boxed e-con e-parent\" data-id=\"868c7b4\" data-element_type=\"container\">\n\t\t\t\t\t<div class=\"e-con-inner\">\n\t\t\t\t<div class=\"elementor-element elementor-element-78fe2ef elementor-widget elementor-widget-heading\" data-id=\"78fe2ef\" data-element_type=\"widget\" data-widget_type=\"heading.default\">\n\t\t\t\t\t<h2 class=\"elementor-heading-title elementor-size-default\">T1bis DUPLEX \"IBERIA\" 23m2<\/h2>\t\t\t\t<\/div>\n\t\t\t\t\t<\/div>\n\t\t\t\t<\/div>\n\t\t<div class=\"elementor-element elementor-element-b2bff5c e-flex e-con-boxed e-con e-parent\" data-id=\"b2bff5c\" data-element_type=\"container\">\n\t\t\t\t\t<div class=\"e-con-inner\">\n\t\t<div class=\"elementor-element elementor-element-1de1019 e-con-full e-flex e-con e-child\" data-id=\"1de1019\" data-element_type=\"container\">\n\t\t\t\t<div class=\"elementor-element elementor-element-9491922 elementor-widget elementor-widget-heading\" data-id=\"9491922\" data-element_type=\"widget\" data-widget_type=\"heading.default\">\n\t\t\t\t\t<h2 class=\"elementor-heading-title elementor-size-default\">Descriptif<\/h2>\t\t\t\t<\/div>\n\t\t\t\t<\/div>\n\t\t<div class=\"elementor-element elementor-element-df85d4e e-con-full e-flex e-con e-child\" data-id=\"df85d4e\" data-element_type=\"container\">\n\t\t\t\t<div class=\"elementor-element elementor-element-5b48c04 elementor-widget elementor-widget-heading\" data-id=\"5b48c04\" data-element_type=\"widget\" data-widget_type=\"heading.default\">\n\t\t\t\t\t<h2 class=\"elementor-heading-title elementor-size-default\">Tarif<\/h2>\t\t\t\t<\/div>\n\t\t\t\t<\/div>\n\t\t\t\t\t<\/div>\n\t\t\t\t<\/div>\n\t\t<div class=\"elementor-element elementor-element-708b9f6 e-flex e-con-boxed e-con e-parent\" data-id=\"708b9f6\" data-element_type=\"container\">\n\t\t\t\t\t<div class=\"e-con-inner\">\n\t\t<div class=\"elementor-element elementor-element-b89ff42 e-con-full e-flex e-con e-child\" data-id=\"b89ff42\" data-element_type=\"container\">\n\t\t\t\t<div class=\"elementor-element elementor-element-6137181 elementor-widget elementor-widget-text-editor\" data-id=\"6137181\" data-element_type=\"widget\" data-widget_type=\"text-editor.default\">\n\t\t\t\t\t\t\t\t\t<p>Plein centre, au pied des thermes, Joli appartement en duplex situ\u00e9 au 2\u00e8me \u00e9tage et dernier de la r\u00e9sidence IBERIA.<\/p><p>Cuisine \u00e9quip\u00e9e : Plaques, frigo, cafeti\u00e8re, bouilloire, grille pain, service raclette, fondue, Mixeur, four pizza\u00a0<\/p><p>Salon avec canap\u00e9 &#8211; table\u00a0 personnes\u00a0 &#8211; TV<\/p><p>Etage en mezzanine lit 140, salle de bains avec WC<\/p><p>Lave-linge<\/p><p>Local skis<\/p><p>Pas WIFI<\/p>\t\t\t\t\t\t\t\t<\/div>\n\t\t\t\t<\/div>\n\t\t<div class=\"elementor-element elementor-element-71eea97 e-con-full e-flex e-con e-child\" data-id=\"71eea97\" data-element_type=\"container\">\n\t\t\t\t<div class=\"elementor-element elementor-element-255ca37 elementor-widget elementor-widget-text-editor\" data-id=\"255ca37\" data-element_type=\"widget\" data-widget_type=\"text-editor.default\">\n\t\t\t\t\t\t\t\t\t<p><strong>\u00a0<\/strong><\/p><p>\u00a082\u20ac la nuit\u00e9e<\/p><p>574\u20ac la semaine<\/p><p>Sur demande pour les curistes<\/p><p>\u00a0Hors taxe de s\u00e9jour<\/p>\t\t\t\t\t\t\t\t<\/div>\n\t\t\t\t<\/div>\n\t\t\t\t\t<\/div>\n\t\t\t\t<\/div>\n\t\t<div class=\"elementor-element elementor-element-5cbd9be e-flex e-con-boxed e-con e-parent\" data-id=\"5cbd9be\" data-element_type=\"container\">\n\t\t\t\t\t<div class=\"e-con-inner\">\n\t\t<div class=\"elementor-element elementor-element-441e84c e-con-full e-flex e-con e-child\" data-id=\"441e84c\" data-element_type=\"container\">\n\t\t\t\t<div class=\"elementor-element elementor-element-e389e1a elementor-widget elementor-widget-image\" data-id=\"e389e1a\" data-element_type=\"widget\" data-widget_type=\"image.default\">\n\t\t\t\t\t\t\t\t\t\t\t\t\t\t\t<img fetchpriority=\"high\" decoding=\"async\" width=\"480\" height=\"640\" src=\"https:\/\/www.pyreneesazur.com\/wp-content\/uploads\/2025\/11\/image2-rotated.jpeg\" class=\"attachment-large size-large wp-image-1335\" alt=\"\" srcset=\"https:\/\/www.pyreneesazur.com\/wp-content\/uploads\/2025\/11\/image2-rotated.jpeg 480w, https:\/\/www.pyreneesazur.com\/wp-content\/uploads\/2025\/11\/image2-225x300.jpeg 225w\" sizes=\"(max-width: 480px) 100vw, 480px\" \/>\t\t\t\t\t\t\t\t\t\t\t\t\t\t\t<\/div>\n\t\t\t\t<\/div>\n\t\t<div class=\"elementor-element elementor-element-7dbd74c e-con-full e-flex e-con e-child\" data-id=\"7dbd74c\" data-element_type=\"container\">\n\t\t\t\t<div class=\"elementor-element elementor-element-c6c5451 elementor-widget elementor-widget-image\" data-id=\"c6c5451\" data-element_type=\"widget\" data-widget_type=\"image.default\">\n\t\t\t\t\t\t\t\t\t\t\t\t\t\t\t<img decoding=\"async\" width=\"480\" height=\"640\" src=\"https:\/\/www.pyreneesazur.com\/wp-content\/uploads\/2025\/11\/image1-rotated.jpeg\" class=\"attachment-large size-large wp-image-1334\" alt=\"\" srcset=\"https:\/\/www.pyreneesazur.com\/wp-content\/uploads\/2025\/11\/image1-rotated.jpeg 480w, https:\/\/www.pyreneesazur.com\/wp-content\/uploads\/2025\/11\/image1-225x300.jpeg 225w\" sizes=\"(max-width: 480px) 100vw, 480px\" \/>\t\t\t\t\t\t\t\t\t\t\t\t\t\t\t<\/div>\n\t\t\t\t<\/div>\n\t\t<div class=\"elementor-element elementor-element-d82fbbc e-con-full e-flex e-con e-child\" data-id=\"d82fbbc\" data-element_type=\"container\">\n\t\t\t\t<div class=\"elementor-element elementor-element-4b96564 elementor-widget elementor-widget-image\" data-id=\"4b96564\" data-element_type=\"widget\" data-widget_type=\"image.default\">\n\t\t\t\t\t\t\t\t\t\t\t\t\t\t\t<img decoding=\"async\" width=\"480\" height=\"640\" src=\"https:\/\/www.pyreneesazur.com\/wp-content\/uploads\/2025\/11\/image0-rotated.jpeg\" class=\"attachment-large size-large wp-image-1333\" alt=\"\" srcset=\"https:\/\/www.pyreneesazur.com\/wp-content\/uploads\/2025\/11\/image0-rotated.jpeg 480w, https:\/\/www.pyreneesazur.com\/wp-content\/uploads\/2025\/11\/image0-225x300.jpeg 225w\" sizes=\"(max-width: 480px) 100vw, 480px\" \/>\t\t\t\t\t\t\t\t\t\t\t\t\t\t\t<\/div>\n\t\t\t\t<\/div>\n\t\t<div class=\"elementor-element elementor-element-7a94e7b e-con-full e-flex e-con e-child\" data-id=\"7a94e7b\" data-element_type=\"container\">\n\t\t\t\t<div class=\"elementor-element elementor-element-2876472 elementor-widget elementor-widget-image\" data-id=\"2876472\" data-element_type=\"widget\" data-widget_type=\"image.default\">\n\t\t\t\t\t\t\t\t\t\t\t\t\t\t\t<img loading=\"lazy\" decoding=\"async\" width=\"637\" height=\"819\" src=\"https:\/\/www.pyreneesazur.com\/wp-content\/uploads\/2025\/11\/image8.jpeg\" class=\"attachment-large size-large wp-image-1338\" alt=\"\" srcset=\"https:\/\/www.pyreneesazur.com\/wp-content\/uploads\/2025\/11\/image8.jpeg 637w, https:\/\/www.pyreneesazur.com\/wp-content\/uploads\/2025\/11\/image8-233x300.jpeg 233w\" sizes=\"(max-width: 637px) 100vw, 637px\" \/>\t\t\t\t\t\t\t\t\t\t\t\t\t\t\t<\/div>\n\t\t\t\t<\/div>\n\t\t<div class=\"elementor-element elementor-element-2709330 e-con-full e-flex e-con e-child\" data-id=\"2709330\" data-element_type=\"container\">\n\t\t\t\t<div class=\"elementor-element elementor-element-70dc88e elementor-widget elementor-widget-image\" data-id=\"70dc88e\" data-element_type=\"widget\" data-widget_type=\"image.default\">\n\t\t\t\t\t\t\t\t\t\t\t\t\t\t\t<img loading=\"lazy\" decoding=\"async\" width=\"632\" height=\"866\" src=\"https:\/\/www.pyreneesazur.com\/wp-content\/uploads\/2025\/11\/image6.jpeg\" class=\"attachment-large size-large wp-image-1337\" alt=\"\" srcset=\"https:\/\/www.pyreneesazur.com\/wp-content\/uploads\/2025\/11\/image6.jpeg 632w, https:\/\/www.pyreneesazur.com\/wp-content\/uploads\/2025\/11\/image6-219x300.jpeg 219w\" sizes=\"(max-width: 632px) 100vw, 632px\" \/>\t\t\t\t\t\t\t\t\t\t\t\t\t\t\t<\/div>\n\t\t\t\t<\/div>\n\t\t<div class=\"elementor-element elementor-element-2060c4f e-con-full e-flex e-con e-child\" data-id=\"2060c4f\" data-element_type=\"container\">\n\t\t\t\t<div class=\"elementor-element elementor-element-8bc63ac elementor-widget elementor-widget-image\" data-id=\"8bc63ac\" data-element_type=\"widget\" data-widget_type=\"image.default\">\n\t\t\t\t\t\t\t\t\t\t\t\t\t\t\t<img loading=\"lazy\" decoding=\"async\" width=\"649\" height=\"853\" src=\"https:\/\/www.pyreneesazur.com\/wp-content\/uploads\/2025\/11\/image5.jpeg\" class=\"attachment-large size-large wp-image-1336\" alt=\"\" srcset=\"https:\/\/www.pyreneesazur.com\/wp-content\/uploads\/2025\/11\/image5.jpeg 649w, https:\/\/www.pyreneesazur.com\/wp-content\/uploads\/2025\/11\/image5-228x300.jpeg 228w\" sizes=\"(max-width: 649px) 100vw, 649px\" \/>\t\t\t\t\t\t\t\t\t\t\t\t\t\t\t<\/div>\n\t\t\t\t<\/div>\n\t\t\t\t\t<\/div>\n\t\t\t\t<\/div>\n\t\t<div class=\"elementor-element elementor-element-0acabbe e-flex e-con-boxed e-con e-parent\" data-id=\"0acabbe\" data-element_type=\"container\">\n\t\t\t\t\t<div class=\"e-con-inner\">\n\t\t\t\t<div class=\"elementor-element elementor-element-3cf057b elementor-widget elementor-widget-spacer\" data-id=\"3cf057b\" data-element_type=\"widget\" data-widget_type=\"spacer.default\">\n\t\t\t\t\t\t\t<div class=\"elementor-spacer\">\n\t\t\t<div class=\"elementor-spacer-inner\"><\/div>\n\t\t<\/div>\n\t\t\t\t\t\t<\/div>\n\t\t\t\t\t<\/div>\n\t\t\t\t<\/div>\n\t\t<div class=\"elementor-element elementor-element-af7fea7 e-flex e-con-boxed e-con e-parent\" data-id=\"af7fea7\" data-element_type=\"container\">\n\t\t\t\t\t<div class=\"e-con-inner\">\n\t\t\t\t<div class=\"elementor-element elementor-element-c0b3970 elementor-widget elementor-widget-heading\" data-id=\"c0b3970\" data-element_type=\"widget\" data-widget_type=\"heading.default\">\n\t\t\t\t\t<h2 class=\"elementor-heading-title elementor-size-default\">T1 DUPLEX \"MOZART\" 32m2<\/h2>\t\t\t\t<\/div>\n\t\t\t\t\t<\/div>\n\t\t\t\t<\/div>\n\t\t<div class=\"elementor-element elementor-element-c4a0f4b e-flex e-con-boxed e-con e-parent\" data-id=\"c4a0f4b\" data-element_type=\"container\">\n\t\t\t\t\t<div class=\"e-con-inner\">\n\t\t<div class=\"elementor-element elementor-element-8552a03 e-con-full e-flex e-con e-child\" data-id=\"8552a03\" data-element_type=\"container\">\n\t\t\t\t<div class=\"elementor-element elementor-element-905801a elementor-widget elementor-widget-heading\" data-id=\"905801a\" data-element_type=\"widget\" data-widget_type=\"heading.default\">\n\t\t\t\t\t<h2 class=\"elementor-heading-title elementor-size-default\">Descriptif<\/h2>\t\t\t\t<\/div>\n\t\t\t\t<\/div>\n\t\t<div class=\"elementor-element elementor-element-1345460 e-con-full e-flex e-con e-child\" data-id=\"1345460\" data-element_type=\"container\">\n\t\t\t\t<div class=\"elementor-element elementor-element-24ebff4 elementor-widget elementor-widget-heading\" data-id=\"24ebff4\" data-element_type=\"widget\" data-widget_type=\"heading.default\">\n\t\t\t\t\t<h2 class=\"elementor-heading-title elementor-size-default\">Tarif<\/h2>\t\t\t\t<\/div>\n\t\t\t\t<\/div>\n\t\t\t\t\t<\/div>\n\t\t\t\t<\/div>\n\t\t<div class=\"elementor-element elementor-element-171046e e-flex e-con-boxed e-con e-parent\" data-id=\"171046e\" data-element_type=\"container\">\n\t\t\t\t\t<div class=\"e-con-inner\">\n\t\t<div class=\"elementor-element elementor-element-caa8d37 e-con-full e-flex e-con e-child\" data-id=\"caa8d37\" data-element_type=\"container\">\n\t\t\t\t<div class=\"elementor-element elementor-element-6794497 elementor-widget elementor-widget-text-editor\" data-id=\"6794497\" data-element_type=\"widget\" data-widget_type=\"text-editor.default\">\n\t\t\t\t\t\t\t\t\t<p>A 2 mn \u00e0 pied du Centre-ville, Appartement d&rsquo;une capacit\u00e9 de 4 \u00e0 5 personnes, au 4\u00e8me \u00e9tage avec ascenseur, d&rsquo;un immeuble calme, vue sur la montagne<\/p><p>Cuisine \u00e9quip\u00e9e avec : &#8211; plaques chauffantes, machine \u00e0 caf\u00e9, four, four \u00e0 micro ondes, frigo et essentiel pour cuisiner.<\/p><p>Au s\u00e9jour: &#8211; Table \u00e0 manger, un BZ , une TV, une mini chaine Hifi, un lecteur DVD et\u00a0 Wifi libre (fibre optique).<\/p><p>Salle de bains:\u00a0 &#8211; lavabo simple vasque, un wc et cabine de douche neuve.<\/p><p>Mezzanine:\u00a0 &#8211; un grand lit 140*190 et lits superpos\u00e9s 90*190 avec 2 placards de rangement.<\/p><p>Prot\u00e8ge matelas et prot\u00e8ge oreillers jetables \u00e0 votre disposition. Fourniture de couvertures et d&rsquo;oreillers.\u00a0<\/p><p>Navette pour skieurs \u00e0 50m<\/p><p>Places parking gratuites dans la rue. Pas de balcon.<\/p>\t\t\t\t\t\t\t\t<\/div>\n\t\t\t\t<\/div>\n\t\t<div class=\"elementor-element elementor-element-2164f31 e-con-full e-flex e-con e-child\" data-id=\"2164f31\" data-element_type=\"container\">\n\t\t\t\t<div class=\"elementor-element elementor-element-ac7e8dd elementor-widget elementor-widget-text-editor\" data-id=\"ac7e8dd\" data-element_type=\"widget\" data-widget_type=\"text-editor.default\">\n\t\t\t\t\t\t\t\t\t<p><strong>&nbsp;<\/strong><\/p>\n<p><strong>&nbsp;<\/strong><\/p>\n<p><strong><br><\/strong><\/p>\n<p><strong>Hors vacances<\/strong> : 60\u20ac la nuit\u00e9e<\/p>\n<p><strong>Vacances scolaires<\/strong> : 70\u20ac la nuit\u00e9e<\/p>\n<p><strong>Cure<\/strong> : 600\u20ac les 3 semaines<\/p><p><br><\/p><p><br><\/p><p><br><\/p><p><br><\/p><p><br><\/p>\n<p><\/p>\n<p><\/p>\t\t\t\t\t\t\t\t<\/div>\n\t\t\t\t<\/div>\n\t\t\t\t\t<\/div>\n\t\t\t\t<\/div>\n\t\t<div class=\"elementor-element elementor-element-0823929 e-flex e-con-boxed e-con e-parent\" data-id=\"0823929\" data-element_type=\"container\">\n\t\t\t\t\t<div class=\"e-con-inner\">\n\t\t\t\t<div class=\"elementor-element elementor-element-1ae0179 elementor-widget elementor-widget-spacer\" data-id=\"1ae0179\" data-element_type=\"widget\" data-widget_type=\"spacer.default\">\n\t\t\t\t\t\t\t<div class=\"elementor-spacer\">\n\t\t\t<div class=\"elementor-spacer-inner\"><\/div>\n\t\t<\/div>\n\t\t\t\t\t\t<\/div>\n\t\t\t\t\t<\/div>\n\t\t\t\t<\/div>\n\t\t<div class=\"elementor-element elementor-element-e84abfd e-flex e-con-boxed e-con e-parent\" data-id=\"e84abfd\" data-element_type=\"container\">\n\t\t\t\t\t<div class=\"e-con-inner\">\n\t\t<div class=\"elementor-element elementor-element-123e0b0 e-con-full e-flex e-con e-child\" data-id=\"123e0b0\" data-element_type=\"container\">\n\t\t\t\t<div class=\"elementor-element elementor-element-7cde1f8 elementor-widget elementor-widget-image\" data-id=\"7cde1f8\" data-element_type=\"widget\" data-widget_type=\"image.default\">\n\t\t\t\t\t\t\t\t\t\t\t\t\t\t\t<img loading=\"lazy\" decoding=\"async\" width=\"200\" height=\"300\" src=\"https:\/\/www.pyreneesazur.com\/wp-content\/uploads\/2025\/09\/DSC3605-modif-copie-200x300.jpg\" class=\"attachment-medium size-medium wp-image-500\" alt=\"\" srcset=\"https:\/\/www.pyreneesazur.com\/wp-content\/uploads\/2025\/09\/DSC3605-modif-copie-200x300.jpg 200w, https:\/\/www.pyreneesazur.com\/wp-content\/uploads\/2025\/09\/DSC3605-modif-copie.jpg 512w\" sizes=\"(max-width: 200px) 100vw, 200px\" \/>\t\t\t\t\t\t\t\t\t\t\t\t\t\t\t<\/div>\n\t\t\t\t<\/div>\n\t\t<div class=\"elementor-element elementor-element-65a99d3 e-con-full e-flex e-con e-child\" data-id=\"65a99d3\" data-element_type=\"container\">\n\t\t\t\t<div class=\"elementor-element elementor-element-5744b6c elementor-widget elementor-widget-image\" data-id=\"5744b6c\" data-element_type=\"widget\" data-widget_type=\"image.default\">\n\t\t\t\t\t\t\t\t\t\t\t\t\t\t\t<img loading=\"lazy\" decoding=\"async\" width=\"1024\" height=\"683\" src=\"https:\/\/www.pyreneesazur.com\/wp-content\/uploads\/2025\/09\/DSC3607-modif-copie-1024x683.jpg\" class=\"attachment-large size-large wp-image-501\" alt=\"\" srcset=\"https:\/\/www.pyreneesazur.com\/wp-content\/uploads\/2025\/09\/DSC3607-modif-copie-1024x683.jpg 1024w, https:\/\/www.pyreneesazur.com\/wp-content\/uploads\/2025\/09\/DSC3607-modif-copie-300x200.jpg 300w, https:\/\/www.pyreneesazur.com\/wp-content\/uploads\/2025\/09\/DSC3607-modif-copie-768x512.jpg 768w, https:\/\/www.pyreneesazur.com\/wp-content\/uploads\/2025\/09\/DSC3607-modif-copie.jpg 1152w\" sizes=\"(max-width: 1024px) 100vw, 1024px\" \/>\t\t\t\t\t\t\t\t\t\t\t\t\t\t\t<\/div>\n\t\t\t\t<\/div>\n\t\t<div class=\"elementor-element elementor-element-84ba39e e-con-full e-flex e-con e-child\" data-id=\"84ba39e\" data-element_type=\"container\">\n\t\t\t\t<div class=\"elementor-element elementor-element-0fc71e6 elementor-widget elementor-widget-image\" data-id=\"0fc71e6\" data-element_type=\"widget\" data-widget_type=\"image.default\">\n\t\t\t\t\t\t\t\t\t\t\t\t\t\t\t<img loading=\"lazy\" decoding=\"async\" width=\"1024\" height=\"683\" src=\"https:\/\/www.pyreneesazur.com\/wp-content\/uploads\/2025\/09\/DSC3609-modif-copie-1024x683.jpg\" class=\"attachment-large size-large wp-image-502\" alt=\"\" srcset=\"https:\/\/www.pyreneesazur.com\/wp-content\/uploads\/2025\/09\/DSC3609-modif-copie-1024x683.jpg 1024w, https:\/\/www.pyreneesazur.com\/wp-content\/uploads\/2025\/09\/DSC3609-modif-copie-300x200.jpg 300w, https:\/\/www.pyreneesazur.com\/wp-content\/uploads\/2025\/09\/DSC3609-modif-copie-768x512.jpg 768w, https:\/\/www.pyreneesazur.com\/wp-content\/uploads\/2025\/09\/DSC3609-modif-copie.jpg 1152w\" sizes=\"(max-width: 1024px) 100vw, 1024px\" \/>\t\t\t\t\t\t\t\t\t\t\t\t\t\t\t<\/div>\n\t\t\t\t<\/div>\n\t\t<div class=\"elementor-element elementor-element-0f408fd e-con-full e-flex e-con e-child\" data-id=\"0f408fd\" data-element_type=\"container\">\n\t\t\t\t<div class=\"elementor-element elementor-element-169693b elementor-widget elementor-widget-image\" data-id=\"169693b\" data-element_type=\"widget\" data-widget_type=\"image.default\">\n\t\t\t\t\t\t\t\t\t\t\t\t\t\t\t<img loading=\"lazy\" decoding=\"async\" width=\"1024\" height=\"683\" src=\"https:\/\/www.pyreneesazur.com\/wp-content\/uploads\/2025\/09\/DSC3616-modif-copie-1024x683.jpg\" class=\"attachment-large size-large wp-image-506\" alt=\"\" srcset=\"https:\/\/www.pyreneesazur.com\/wp-content\/uploads\/2025\/09\/DSC3616-modif-copie-1024x683.jpg 1024w, https:\/\/www.pyreneesazur.com\/wp-content\/uploads\/2025\/09\/DSC3616-modif-copie-300x200.jpg 300w, https:\/\/www.pyreneesazur.com\/wp-content\/uploads\/2025\/09\/DSC3616-modif-copie-768x512.jpg 768w, https:\/\/www.pyreneesazur.com\/wp-content\/uploads\/2025\/09\/DSC3616-modif-copie.jpg 1152w\" sizes=\"(max-width: 1024px) 100vw, 1024px\" \/>\t\t\t\t\t\t\t\t\t\t\t\t\t\t\t<\/div>\n\t\t\t\t<\/div>\n\t\t<div class=\"elementor-element elementor-element-cb469c8 e-con-full e-flex e-con e-child\" data-id=\"cb469c8\" data-element_type=\"container\">\n\t\t\t\t<div class=\"elementor-element elementor-element-f141ff3 elementor-widget elementor-widget-image\" data-id=\"f141ff3\" data-element_type=\"widget\" data-widget_type=\"image.default\">\n\t\t\t\t\t\t\t\t\t\t\t\t\t\t\t<img loading=\"lazy\" decoding=\"async\" width=\"1024\" height=\"683\" src=\"https:\/\/www.pyreneesazur.com\/wp-content\/uploads\/2025\/09\/DSC3617-modif-copie-1024x683.jpg\" class=\"attachment-large size-large wp-image-507\" alt=\"\" srcset=\"https:\/\/www.pyreneesazur.com\/wp-content\/uploads\/2025\/09\/DSC3617-modif-copie-1024x683.jpg 1024w, https:\/\/www.pyreneesazur.com\/wp-content\/uploads\/2025\/09\/DSC3617-modif-copie-300x200.jpg 300w, https:\/\/www.pyreneesazur.com\/wp-content\/uploads\/2025\/09\/DSC3617-modif-copie-768x512.jpg 768w, https:\/\/www.pyreneesazur.com\/wp-content\/uploads\/2025\/09\/DSC3617-modif-copie.jpg 1152w\" sizes=\"(max-width: 1024px) 100vw, 1024px\" \/>\t\t\t\t\t\t\t\t\t\t\t\t\t\t\t<\/div>\n\t\t\t\t<\/div>\n\t\t<div class=\"elementor-element elementor-element-48b2cd1 e-con-full e-flex e-con e-child\" data-id=\"48b2cd1\" data-element_type=\"container\">\n\t\t\t\t<div class=\"elementor-element elementor-element-f261a7e elementor-widget elementor-widget-image\" data-id=\"f261a7e\" data-element_type=\"widget\" data-widget_type=\"image.default\">\n\t\t\t\t\t\t\t\t\t\t\t\t\t\t\t<img loading=\"lazy\" decoding=\"async\" width=\"200\" height=\"300\" src=\"https:\/\/www.pyreneesazur.com\/wp-content\/uploads\/2025\/09\/DSC3615-modif-copie-200x300.jpg\" class=\"attachment-medium size-medium wp-image-508\" alt=\"\" srcset=\"https:\/\/www.pyreneesazur.com\/wp-content\/uploads\/2025\/09\/DSC3615-modif-copie-200x300.jpg 200w, https:\/\/www.pyreneesazur.com\/wp-content\/uploads\/2025\/09\/DSC3615-modif-copie.jpg 512w\" sizes=\"(max-width: 200px) 100vw, 200px\" \/>\t\t\t\t\t\t\t\t\t\t\t\t\t\t\t<\/div>\n\t\t\t\t<\/div>\n\t\t\t\t\t<\/div>\n\t\t\t\t<\/div>\n\t\t<div class=\"elementor-element elementor-element-808cbdc e-flex e-con-boxed e-con e-parent\" data-id=\"808cbdc\" data-element_type=\"container\">\n\t\t\t\t\t<div class=\"e-con-inner\">\n\t\t<div class=\"elementor-element elementor-element-02226ee e-con-full e-flex e-con e-child\" data-id=\"02226ee\" data-element_type=\"container\">\n\t\t\t\t<div class=\"elementor-element elementor-element-9ea8fde elementor-widget elementor-widget-image\" data-id=\"9ea8fde\" data-element_type=\"widget\" data-widget_type=\"image.default\">\n\t\t\t\t\t\t\t\t\t\t\t\t\t\t\t<img loading=\"lazy\" decoding=\"async\" width=\"512\" height=\"768\" src=\"https:\/\/www.pyreneesazur.com\/wp-content\/uploads\/2025\/09\/DSC3627-modif-copie.jpg\" class=\"attachment-large size-large wp-image-509\" alt=\"\" srcset=\"https:\/\/www.pyreneesazur.com\/wp-content\/uploads\/2025\/09\/DSC3627-modif-copie.jpg 512w, https:\/\/www.pyreneesazur.com\/wp-content\/uploads\/2025\/09\/DSC3627-modif-copie-200x300.jpg 200w\" sizes=\"(max-width: 512px) 100vw, 512px\" \/>\t\t\t\t\t\t\t\t\t\t\t\t\t\t\t<\/div>\n\t\t\t\t<\/div>\n\t\t<div class=\"elementor-element elementor-element-0d79e31 e-con-full e-flex e-con e-child\" data-id=\"0d79e31\" data-element_type=\"container\">\n\t\t\t\t<div class=\"elementor-element elementor-element-81644ba elementor-widget elementor-widget-image\" data-id=\"81644ba\" data-element_type=\"widget\" data-widget_type=\"image.default\">\n\t\t\t\t\t\t\t\t\t\t\t\t\t\t\t<img loading=\"lazy\" decoding=\"async\" width=\"512\" height=\"768\" src=\"https:\/\/www.pyreneesazur.com\/wp-content\/uploads\/2025\/09\/DSC3630-modif-copie.jpg\" class=\"attachment-large size-large wp-image-510\" alt=\"\" srcset=\"https:\/\/www.pyreneesazur.com\/wp-content\/uploads\/2025\/09\/DSC3630-modif-copie.jpg 512w, https:\/\/www.pyreneesazur.com\/wp-content\/uploads\/2025\/09\/DSC3630-modif-copie-200x300.jpg 200w\" sizes=\"(max-width: 512px) 100vw, 512px\" \/>\t\t\t\t\t\t\t\t\t\t\t\t\t\t\t<\/div>\n\t\t\t\t<\/div>\n\t\t<div class=\"elementor-element elementor-element-7e6f5ee e-con-full e-flex e-con e-child\" data-id=\"7e6f5ee\" data-element_type=\"container\">\n\t\t\t\t<div class=\"elementor-element elementor-element-e67e1cc elementor-widget elementor-widget-image\" data-id=\"e67e1cc\" data-element_type=\"widget\" data-widget_type=\"image.default\">\n\t\t\t\t\t\t\t\t\t\t\t\t\t\t\t<img loading=\"lazy\" decoding=\"async\" width=\"512\" height=\"768\" src=\"https:\/\/www.pyreneesazur.com\/wp-content\/uploads\/2025\/09\/DSC3631-modif-copie.jpg\" class=\"attachment-large size-large wp-image-511\" alt=\"\" srcset=\"https:\/\/www.pyreneesazur.com\/wp-content\/uploads\/2025\/09\/DSC3631-modif-copie.jpg 512w, https:\/\/www.pyreneesazur.com\/wp-content\/uploads\/2025\/09\/DSC3631-modif-copie-200x300.jpg 200w\" sizes=\"(max-width: 512px) 100vw, 512px\" \/>\t\t\t\t\t\t\t\t\t\t\t\t\t\t\t<\/div>\n\t\t\t\t<\/div>\n\t\t<div class=\"elementor-element elementor-element-6239502 e-con-full e-flex e-con e-child\" data-id=\"6239502\" data-element_type=\"container\">\n\t\t\t\t<div class=\"elementor-element elementor-element-35acc04 elementor-widget elementor-widget-image\" data-id=\"35acc04\" data-element_type=\"widget\" data-widget_type=\"image.default\">\n\t\t\t\t\t\t\t\t\t\t\t\t\t\t\t<img loading=\"lazy\" decoding=\"async\" width=\"512\" height=\"768\" src=\"https:\/\/www.pyreneesazur.com\/wp-content\/uploads\/2025\/09\/DSC3634-modif-copie.jpg\" class=\"attachment-large size-large wp-image-512\" alt=\"\" srcset=\"https:\/\/www.pyreneesazur.com\/wp-content\/uploads\/2025\/09\/DSC3634-modif-copie.jpg 512w, https:\/\/www.pyreneesazur.com\/wp-content\/uploads\/2025\/09\/DSC3634-modif-copie-200x300.jpg 200w\" sizes=\"(max-width: 512px) 100vw, 512px\" \/>\t\t\t\t\t\t\t\t\t\t\t\t\t\t\t<\/div>\n\t\t\t\t<\/div>\n\t\t\t\t\t<\/div>\n\t\t\t\t<\/div>\n\t\t<div class=\"elementor-element elementor-element-4af0aad e-flex e-con-boxed e-con e-parent\" data-id=\"4af0aad\" data-element_type=\"container\">\n\t\t\t\t\t<div class=\"e-con-inner\">\n\t\t\t\t<div class=\"elementor-element elementor-element-ea1ca67 elementor-widget elementor-widget-spacer\" data-id=\"ea1ca67\" data-element_type=\"widget\" data-widget_type=\"spacer.default\">\n\t\t\t\t\t\t\t<div class=\"elementor-spacer\">\n\t\t\t<div class=\"elementor-spacer-inner\"><\/div>\n\t\t<\/div>\n\t\t\t\t\t\t<\/div>\n\t\t\t\t\t<\/div>\n\t\t\t\t<\/div>\n\t\t<div class=\"elementor-element elementor-element-c9f2c4e e-flex e-con-boxed e-con e-parent\" data-id=\"c9f2c4e\" data-element_type=\"container\">\n\t\t\t\t\t<div class=\"e-con-inner\">\n\t\t\t\t<div class=\"elementor-element elementor-element-12a9279 elementor-align-center elementor-widget elementor-widget-button\" data-id=\"12a9279\" data-element_type=\"widget\" data-widget_type=\"button.default\">\n\t\t\t\t\t\t\t\t\t\t<a class=\"elementor-button elementor-button-link elementor-size-sm\" href=\"https:\/\/www.pyreneesazur.com\/\">\n\t\t\t\t\t\t<span class=\"elementor-button-content-wrapper\">\n\t\t\t\t\t\t\t\t\t<span class=\"elementor-button-text\">Retour accueil<\/span>\n\t\t\t\t\t<\/span>\n\t\t\t\t\t<\/a>\n\t\t\t\t\t\t\t\t<\/div>\n\t\t\t\t\t<\/div>\n\t\t\t\t<\/div>\n\t\t\t\t<\/div>\n\t\t","protected":false},"excerpt":{"rendered":"<p>T1bis DUPLEX \u00ab\u00a0IBERIA\u00a0\u00bb 23m2 Descriptif Tarif Plein centre, au pied des thermes, Joli appartement en duplex situ\u00e9 au 2\u00e8me \u00e9tage et dernier de la r\u00e9sidence IBERIA. Cuisine \u00e9quip\u00e9e : Plaques, frigo, cafeti\u00e8re, bouilloire, grille pain, service raclette, fondue, Mixeur, four pizza\u00a0 Salon avec canap\u00e9 &#8211; table\u00a0 personnes\u00a0 &#8211; TV Etage en mezzanine lit 140, salle [&hellip;]<\/p>\n","protected":false},"author":1,"featured_media":0,"parent":0,"menu_order":0,"comment_status":"closed","ping_status":"closed","template":"","meta":{"footnotes":""},"class_list":["post-85","page","type-page","status-publish","hentry"],"_links":{"self":[{"href":"https:\/\/www.pyreneesazur.com\/index.php?rest_route=\/wp\/v2\/pages\/85","targetHints":{"allow":["GET"]}}],"collection":[{"href":"https:\/\/www.pyreneesazur.com\/index.php?rest_route=\/wp\/v2\/pages"}],"about":[{"href":"https:\/\/www.pyreneesazur.com\/index.php?rest_route=\/wp\/v2\/types\/page"}],"author":[{"embeddable":true,"href":"https:\/\/www.pyreneesazur.com\/index.php?rest_route=\/wp\/v2\/users\/1"}],"replies":[{"embeddable":true,"href":"https:\/\/www.pyreneesazur.com\/index.php?rest_route=%2Fwp%2Fv2%2Fcomments&post=85"}],"version-history":[{"count":37,"href":"https:\/\/www.pyreneesazur.com\/index.php?rest_route=\/wp\/v2\/pages\/85\/revisions"}],"predecessor-version":[{"id":1357,"href":"https:\/\/www.pyreneesazur.com\/index.php?rest_route=\/wp\/v2\/pages\/85\/revisions\/1357"}],"wp:attachment":[{"href":"https:\/\/www.pyreneesazur.com\/index.php?rest_route=%2Fwp%2Fv2%2Fmedia&parent=85"}],"curies":[{"name":"wp","href":"https:\/\/api.w.org\/{rel}","templated":true}]}}